{"id":9750,"date":"2021-09-01T16:06:37","date_gmt":"2021-09-01T14:06:37","guid":{"rendered":"https:\/\/www.obalne-galerije.si\/?page_id=9750"},"modified":"2021-09-01T16:06:37","modified_gmt":"2021-09-01T14:06:37","slug":"avviso-legale","status":"publish","type":"page","link":"https:\/\/www.obalne-galerije.si\/it\/avviso-legale\/","title":{"rendered":"Avviso legale"},"content":{"rendered":"<p>Ai fini del presente avviso legale, un sito web (sito web) \u00e8 un termine che copre tutti i siti web all&#8217;indirizzo web <a href=\"http:\/\/www.obalne-galerije.si\">www.obalne-galerije.si<\/a>. Il detentore del copyright di tutte le opere incluse nel sito Web sono le Gallerie costiere di Pirano (GCP). Tutti i diritti riservati. L&#8217;utente pu\u00f2 utilizzare il contenuto per il suo uso personale. Non sono consentite altre forme di utilizzo (copia, riproduzione, distribuzione, ecc.) per scopi commerciali.<\/p>\n<p>Le GCP cercher\u00e0nno di fornire agli utenti del proprio sito Web informazioni quanto pi\u00f9 accurate e aggiornate possibile. Tutto il contenuto \u00e8 solo a scopo informativo. Le GCP e le altre persone fisiche o giuridiche coinvolte nella creazione o nell&#8217;aggiornamento del sito web non sono responsabili per eventuali danni o lucro cessante dovuti all&#8217;ignoranza o all&#8217;impossibilit\u00e0 di utilizzare il sito web. Le GCP possono modificare il sito in qualsiasi momento senza preavviso.<\/p>\n<p>Tutti i dati ottenuti in qualsiasi modo attraverso il sito web sono destinati all&#8217;uso esclusivo delle GCP e sono protetti ai sensi di legge. Le GCP non trasmettono i dati personali a terzi. In caso di passaggio ad altro sito tramite link non gestito da GCP, l&#8217;utente dovr\u00e0 leggere l&#8217;informativa privacy del sito in oggetto.<\/p>\n<h2>Cookie<\/h2>\n<p>I cookie sono piccoli file di testo che la maggior parte dei siti web (oltre ai siti web anche email, servizi online, pubblicit\u00e0 e applicazioni interattive) carica sui dispositivi degli utenti (computer, dispositivo mobile, ecc.) quando questi visitano un determinato sito web e solitamente contengono: il nome del server da cui \u00e8 stato inviato il cookie; la durata del cookie; valore &#8211; di solito un numero univoco generato casualmente. Ad ogni nuova visita, il sito otterr\u00e0 informazioni sul cookie caricato e identificher\u00e0 il dispositivo dell&#8217;utente. Il cookie stesso non contiene n\u00e9 raccoglie informazioni che consentano l&#8217;identificazione di un individuo, ma se gli utenti forniscono tali informazioni al sito Web stesso, ad esempio registrandosi, potrebbero collegarsi ai dati memorizzati nel cookie. Se il server legge il cookie insieme al browser web, questo pu\u00f2 aiutare il sito web a fornire servizi pi\u00f9 user-friendly. Solo il server che ha inviato il cookie pu\u00f2 leggere e utilizzare questo cookie.<\/p>\n<h2>Tipi di cookie<\/h2>\n<h3>Cookie temporanei o di sessione<\/h3>\n<p>Essi &#8220;vivono&#8221; dal momento in cui l&#8217;utente apre il browser fino al momento in cui la sessione termina e il browser si chiude. I siti web li utilizzano per memorizzare informazioni temporanee, come gli articoli nel carrello degli acquisti, per una maggiore sicurezza nell&#8217;online banking e cos\u00ec via. Poich\u00e9 tali cookie vengono memorizzati per un periodo di tempo pi\u00f9 breve, la loro invasivit\u00e0 per la privacy dell&#8217;utente potrebbe essere inferiore.<\/p>\n<h3>Cookie persistenti o memorizzati<\/h3>\n<p>rimangono salvati anche quando l&#8217;utente chiude il browser e termina la sessione. I siti web li utilizzano ad es. per memorizzare informazioni di registrazione, impostazioni della lingua della pagina, ecc., nonch\u00e9 per creare profili utente e analizzare il traffico. I cookie persistenti possono rimanere sul tuo computer per giorni, mesi o addirittura anni Cookie propri (cookie di prima parte) Provengono dal sito Web che l&#8217;utente sta visualizzando e possono essere permanenti o temporanei. I siti web utilizzano questi cookie per memorizzare informazioni che utilizzeranno di nuovo la prossima volta che un utente visiter\u00e0 quel sito.<\/p>\n<h3>Altri cookie (cookie di terze parti)<\/h3>\n<p>Provengono da altri siti partner (che, ad esempio, visualizzano annunci sul sito Web originale o misurano il traffico). In questo modo, terze parti possono raccogliere dati dell&#8217;utente da una variet\u00e0 di siti Web e utilizzarli per una variet\u00e0 di scopi, dalla pubblicit\u00e0 e dall&#8217;analisi al miglioramento dei loro prodotti.<\/p>\n<h3>Quali cookie utilizziamo<\/h3>\n<div class=\"table-responsive\">\n<table class=\"table\">\n<tbody>\n<tr>\n<th>Nome del cookie<\/th>\n<th>Durata<\/th>\n<th>Utilizzo<\/th>\n<th>Origine<\/th>\n<\/tr>\n<tr>\n<td>moove_gdpr_popup<\/td>\n<td>1 anno<\/td>\n<td>Visualizzazione dell&#8217;avviso legale per l&#8217;utente<\/td>\n<td>www.obalne-galerije.si<\/td>\n<\/tr>\n<\/tbody>\n<\/table>\n<\/div>\n<h3>Youtube<\/h3>\n<p>Usiamo il servizio YouTube di Google per riprodurre i video sul sito. I cookie vengono utilizzati per registrare i dati di visualizzazione, visualizzare video pertinenti, salvare le impostazioni dell&#8217;utente, ecc.<\/p>\n<p>La durata di questi cookie \u00e8 fino a 10 anni.<\/p>\n<div class=\"table-responsive\">\n<table class=\"table\">\n<tbody>\n<tr>\n<th>Nome del cookie<\/th>\n<th>Durata<\/th>\n<th>Utilizzo<\/th>\n<\/tr>\n<tr>\n<td>CONSENT<\/td>\n<td>10 anni<\/td>\n<td>Cookie per salvare le impostazioni<\/td>\n<\/tr>\n<tr>\n<td>VISITOR_INFO1_LIVE<\/td>\n<td>6 mesi<\/td>\n<td>Un cookie utilizzato da Youtube per misurare la tua connessione Internet.<\/td>\n<\/tr>\n<tr>\n<td>YSC<\/td>\n<td>Al termine della sessione<\/td>\n<td>Il cookie imposta Youtube in modalit\u00e0 &#8220;embedded video&#8221;.<\/td>\n<\/tr>\n<\/tbody>\n<\/table>\n<\/div>\n<h3>Gestione ed eliminazione dei cookie<\/h3>\n<p>GCP non usano i cookie\u00a0 per raccogliere le informazioni di identificazione personale.<\/p>\n<p>Si possono modificare le impostazioni per l&#8217;uso dei cookie nel browser utilizzato per visualizzare il sito. La procedura per modificare e cancellare i cookie \u00e8 diversa per ogni singolo browser. Su <a href=\"https:\/\/www.aboutcookies.org\" target=\"_blank\" rel=\"noopener\">www.aboutcookies.org<\/a> \u00e8 spiegata chiaramente la procedura specifica per ogni singolo browser.<\/p>\n","protected":false},"excerpt":{"rendered":"<p>Ai fini del presente avviso legale, un sito web (sito web) \u00e8 un termine che copre tutti i siti web all&#8217;indirizzo web www.obalne-galerije.si. Il detentore del copyright di tutte le opere incluse nel sito Web sono le Gallerie costiere di Pirano (GCP). Tutti i diritti riservati. L&#8217;utente pu\u00f2 utilizzare il contenuto per il suo uso<\/p>\n","protected":false},"author":1,"featured_media":0,"parent":0,"menu_order":0,"comment_status":"closed","ping_status":"open","template":"","meta":{"footnotes":""},"class_list":["post-9750","page","type-page","status-publish","hentry"],"acf":[],"_links":{"self":[{"href":"https:\/\/www.obalne-galerije.si\/it\/wp-json\/wp\/v2\/pages\/9750","targetHints":{"allow":["GET"]}}],"collection":[{"href":"https:\/\/www.obalne-galerije.si\/it\/wp-json\/wp\/v2\/pages"}],"about":[{"href":"https:\/\/www.obalne-galerije.si\/it\/wp-json\/wp\/v2\/types\/page"}],"author":[{"embeddable":true,"href":"https:\/\/www.obalne-galerije.si\/it\/wp-json\/wp\/v2\/users\/1"}],"replies":[{"embeddable":true,"href":"https:\/\/www.obalne-galerije.si\/it\/wp-json\/wp\/v2\/comments?post=9750"}],"version-history":[{"count":2,"href":"https:\/\/www.obalne-galerije.si\/it\/wp-json\/wp\/v2\/pages\/9750\/revisions"}],"predecessor-version":[{"id":9752,"href":"https:\/\/www.obalne-galerije.si\/it\/wp-json\/wp\/v2\/pages\/9750\/revisions\/9752"}],"wp:attachment":[{"href":"https:\/\/www.obalne-galerije.si\/it\/wp-json\/wp\/v2\/media?parent=9750"}],"curies":[{"name":"wp","href":"https:\/\/api.w.org\/{rel}","templated":true}]}}