{"id":7462,"date":"2021-07-08T15:36:23","date_gmt":"2021-07-08T13:36:23","guid":{"rendered":"https:\/\/www.obalne-galerije.si\/?page_id=7462"},"modified":"2021-07-09T12:38:05","modified_gmt":"2021-07-09T10:38:05","slug":"cataloghi","status":"publish","type":"page","link":"https:\/\/www.obalne-galerije.si\/it\/cataloghi\/","title":{"rendered":"Cataloghi"},"content":{"rendered":"<p><section class=\"kc-elm kc-css-556029 kc_row\"><div class=\"kc-row-container  kc-container\"><div class=\"kc-wrap-columns\"><div class=\"kc-elm kc-css-638025 kc_col-sm-6 kc_column kc_col-sm-6\"><div class=\"kc-col-container\"><div class=\"kc-elm kc-css-667477\">\n\t<div class=\"kc-carousel_images kc-elm kc-css-667477\">\n\t\n\t\t<div class=\"kc-carousel-images owl-carousel-images kc-sync1  owl-nav-arrow\" data-owl-i-options='{\"items\":\"1\",\"tablet\":\"1\",\"mobile\":\"1\",\"speed\":\"500\",\"navigation\":\"yes\",\"pagination\":\"yes\",\"autoheight\":\"\",\"progressbar\":\"\",\"delay\":\"3\",\"autoplay\":\"yes\",\"showthumb\":\"\",\"num_thumb\":\"5\"}'>\n\t\n\t\t\t\t\t<div class=\"item\">\n\t\n\t\t\t\t\t\t\t<img decoding=\"async\" src=\"https:\/\/www.obalne-galerije.si\/wp-content\/uploads\/2021\/06\/JakaJerasa1.jpg\"  alt=\"\"\/>\n\t\n\t\t\t\t\n\t\t\t<\/div>\n\t\n\t\t\t\t\t<div class=\"item\">\n\t\n\t\t\t\t\t\t\t<img decoding=\"async\" src=\"https:\/\/www.obalne-galerije.si\/wp-content\/uploads\/2021\/06\/JakaJerasa2.jpg\"  alt=\"\"\/>\n\t\n\t\t\t\t\n\t\t\t<\/div>\n\t\n\t\t\t\t\t<div class=\"item\">\n\t\n\t\t\t\t\t\t\t<img decoding=\"async\" src=\"https:\/\/www.obalne-galerije.si\/wp-content\/uploads\/2021\/06\/JakaJerasa3.jpg\"  alt=\"\"\/>\n\t\n\t\t\t\t\n\t\t\t<\/div>\n\t\n\t\t\t\n\t\t<\/div>\n\t\n\t\t\t<\/div>\n<\/div>\n<\/div><\/div><div class=\"kc-elm kc-css-327260 kc_col-sm-6 kc_column kc_col-sm-6\"><div class=\"kc-col-container\"><div class=\"kc-elm kc-css-775532 kc_text_block\"><\/p>\n<table class=\"table\">\n<tbody>\n<tr>\n<th>Autore:<\/th>\n<td>Nives Marvin, Andrej Medved<\/td>\n<\/tr>\n<tr>\n<th>Titolo:<\/th>\n<td>Jaka Jera\u0161a<\/td>\n<\/tr>\n<tr>\n<th>Citt\u00e0:<\/th>\n<td>Pirano, Slovenia<\/td>\n<\/tr>\n<tr>\n<th>Editore:<\/th>\n<td>Gallerie Costiere di Pirano<\/td>\n<\/tr>\n<tr>\n<th>Anno pubblicazione:<\/th>\n<td>2020<\/td>\n<\/tr>\n<tr>\n<td colspan=\"2\">Le Gallerie Costiere si dagli anni Settanta collaborano con il fotografo Jaka Jera\u0161a e ne seguono l\u2019opera. Questa volta gli dedicano una mostra retrospettiva dislocata in tre sale espositive e una pubblicazione monografica che, insieme, per la prima volta, presentano e documentano la sua opera sviluppatasi nell\u2019arco di oltre quarant\u2019anni. Attraverso i suoi numerosi cicli contenutistici, nati in questo lungo periodo, ai quali mai l\u2019autore ja concretamente dato un nome e che il pubblico ha avuto gi\u00e0 modo di conoscere in numerose mostre, dimostrano che, in quanto espressivit\u00e0, per l\u2019artista sono altrettanto importanti le tecniche in bianco e nero che quelle a colori.<\/td>\n<\/tr>\n<\/tbody>\n<\/table>\n<p>\n<\/div><\/div><\/div><\/div><\/div><\/section><section class=\"kc-elm kc-css-341858 kc_row\"><div class=\"kc-row-container  kc-container\"><div class=\"kc-wrap-columns\"><div class=\"kc-elm kc-css-938923 kc_col-sm-12 kc_column kc_col-sm-12\"><div class=\"kc-col-container\"><div class=\"kc-elm kc-css-444201\" style=\"height: 40px; clear: both; width:100%;\"><\/div><\/div><\/div><\/div><\/div><\/section><section class=\"kc-elm kc-css-500288 kc_row\"><div class=\"kc-row-container  kc-container\"><div class=\"kc-wrap-columns\"><div class=\"kc-elm kc-css-695983 kc_col-sm-6 kc_column kc_col-sm-6\"><div class=\"kc-col-container\"><div class=\"kc-elm kc-css-545039\">\n\t<div class=\"kc-carousel_images kc-elm kc-css-545039\">\n\t\n\t\t<div class=\"kc-carousel-images owl-carousel-images kc-sync1  owl-nav-arrow\" data-owl-i-options='{\"items\":\"1\",\"tablet\":\"1\",\"mobile\":\"1\",\"speed\":\"500\",\"navigation\":\"yes\",\"pagination\":\"yes\",\"autoheight\":\"\",\"progressbar\":\"\",\"delay\":\"3\",\"autoplay\":\"yes\",\"showthumb\":\"\",\"num_thumb\":\"5\"}'>\n\t\n\t\t\t\t\t<div class=\"item\">\n\t\n\t\t\t\t\t\t\t<img decoding=\"async\" src=\"https:\/\/www.obalne-galerije.si\/wp-content\/uploads\/2021\/06\/MaraveeDress1.jpg\"  alt=\"\"\/>\n\t\n\t\t\t\t\n\t\t\t<\/div>\n\t\n\t\t\t\t\t<div class=\"item\">\n\t\n\t\t\t\t\t\t\t<img decoding=\"async\" src=\"https:\/\/www.obalne-galerije.si\/wp-content\/uploads\/2021\/06\/MaraveeDress2.jpg\"  alt=\"\"\/>\n\t\n\t\t\t\t\n\t\t\t<\/div>\n\t\n\t\t\t\t\t<div class=\"item\">\n\t\n\t\t\t\t\t\t\t<img decoding=\"async\" src=\"https:\/\/www.obalne-galerije.si\/wp-content\/uploads\/2021\/06\/MaraveeDress3.jpg\"  alt=\"\"\/>\n\t\n\t\t\t\t\n\t\t\t<\/div>\n\t\n\t\t\t\n\t\t<\/div>\n\t\n\t\t\t<\/div>\n<\/div>\n<\/div><\/div><div class=\"kc-elm kc-css-85467 kc_col-sm-6 kc_column kc_col-sm-6\"><div class=\"kc-col-container\"><div class=\"kc-elm kc-css-945933 kc_text_block\"><\/p>\n<table class=\"table\">\n<tbody>\n<tr>\n<th>Autore:<\/th>\n<td>Patrizio De Mattio, Sabrina Zannier<\/td>\n<\/tr>\n<tr>\n<th>Titolo:<\/th>\n<td>Maravee Object<\/td>\n<\/tr>\n<tr>\n<th>Citt\u00e0:<\/th>\n<td>Rodeano (UD), Italia<\/td>\n<\/tr>\n<tr>\n<th>Editore:<\/th>\n<td>Lito Immagine<\/td>\n<\/tr>\n<tr>\n<th>Anno pubblicazione:<\/th>\n<td>2020<\/td>\n<\/tr>\n<tr>\n<td colspan=\"2\">Dalla relazione tra corpo umano e oggetto d\u2019uso di Maravee Object 2019 \u2013 che gi\u00e0 indicava il rapporto fra arte e design \u2013 con Maravee Dress 2020 l\u2019orizzonte d\u2019analisi entra nello specifico dell\u2019oggetto\/abito, puntando l\u2019attenzione sul pensiero che lo progetta e sul gesto umano che lo produce. Analizza il valore simbolico, sociale e antropologico che lega l\u2019abito alla persona, cos\u00ec come la rinnovata valenza del \u201ctcoco umano\u201d. Quello apportato dalla rivalsa dell\u2019artigianalit\u00e0, che sia nell\u2019arte sia nella moda rilancia l\u2019Homo Faber quale dialogante contraltare alla smaterializzazione del digitale.<br \/>Catalogo realizzato per la XIX edizione del Maravee Festival (Maravee Dress).<\/td>\n<\/tr>\n<\/tbody>\n<\/table>\n<p>\n<\/div><\/div><\/div><\/div><\/div><\/section><section class=\"kc-elm kc-css-334724 kc_row\"><div class=\"kc-row-container  kc-container\"><div class=\"kc-wrap-columns\"><div class=\"kc-elm kc-css-634185 kc_col-sm-12 kc_column kc_col-sm-12\"><div class=\"kc-col-container\"><div class=\"kc-elm kc-css-264397\" style=\"height: 40px; clear: both; width:100%;\"><\/div><\/div><\/div><\/div><\/div><\/section><section class=\"kc-elm kc-css-73947 kc_row\"><div class=\"kc-row-container  kc-container\"><div class=\"kc-wrap-columns\"><div class=\"kc-elm kc-css-943887 kc_col-sm-6 kc_column kc_col-sm-6\"><div class=\"kc-col-container\"><div class=\"kc-elm kc-css-860005\">\n\t<div class=\"kc-carousel_images kc-elm kc-css-860005\">\n\t\n\t\t<div class=\"kc-carousel-images owl-carousel-images kc-sync1  owl-nav-arrow\" data-owl-i-options='{\"items\":\"1\",\"tablet\":\"1\",\"mobile\":\"1\",\"speed\":\"500\",\"navigation\":\"yes\",\"pagination\":\"yes\",\"autoheight\":\"\",\"progressbar\":\"\",\"delay\":\"3\",\"autoplay\":\"yes\",\"showthumb\":\"\",\"num_thumb\":\"5\"}'>\n\t\n\t\t\t\t\t<div class=\"item\">\n\t\n\t\t\t\t\t\t\t<img decoding=\"async\" src=\"https:\/\/www.obalne-galerije.si\/wp-content\/uploads\/2021\/06\/MaraveeObject1.jpg\"  alt=\"\"\/>\n\t\n\t\t\t\t\n\t\t\t<\/div>\n\t\n\t\t\t\t\t<div class=\"item\">\n\t\n\t\t\t\t\t\t\t<img decoding=\"async\" src=\"https:\/\/www.obalne-galerije.si\/wp-content\/uploads\/2021\/06\/MaraveeObject2.jpg\"  alt=\"\"\/>\n\t\n\t\t\t\t\n\t\t\t<\/div>\n\t\n\t\t\t\t\t<div class=\"item\">\n\t\n\t\t\t\t\t\t\t<img decoding=\"async\" src=\"https:\/\/www.obalne-galerije.si\/wp-content\/uploads\/2021\/06\/MaraveeObject3.jpg\"  alt=\"\"\/>\n\t\n\t\t\t\t\n\t\t\t<\/div>\n\t\n\t\t\t\n\t\t<\/div>\n\t\n\t\t\t<\/div>\n<\/div>\n<\/div><\/div><div class=\"kc-elm kc-css-218530 kc_col-sm-6 kc_column kc_col-sm-6\"><div class=\"kc-col-container\"><div class=\"kc-elm kc-css-983348 kc_text_block\"><\/p>\n<table class=\"table\">\n<tbody>\n<tr>\n<th>Autore:<\/th>\n<td>Patrizio De Mattio, Sabrina Zannier<\/td>\n<\/tr>\n<tr>\n<th>Titolo:<\/th>\n<td>Maravee Object<\/td>\n<\/tr>\n<tr>\n<th>Citt\u00e0:<\/th>\n<td>Rodeano (UD), Italia<\/td>\n<\/tr>\n<tr>\n<th>Editore:<\/th>\n<td>Lito Immagine<\/td>\n<\/tr>\n<tr>\n<th>Anno pubblicazione:<\/th>\n<td>2019<\/td>\n<\/tr>\n<tr>\n<td colspan=\"2\">Dopo Maravee Fiction 2018 \u2013 che ha inscenato quel mondo \u2018altro\u2019 nato dalla capacit\u00e0 di vedere oltre il mero dato fenomeno logico, per delineare un orizzonte non immediatamente percettibile o sensibile \u2013 la XVIII edizione del Festiva, intitolata Maravee Object, prosegue il triennio dedicato alla soggettivit\u00e0 nello spazio d\u2019azione della creativit\u00e0. Affronta il tema dell\u2019oggetto dal punto di vista semiologico, sociologico e filosofico, attualizzando attraverso opere e spettacoli contemporanei le teorie dell\u2019intellettuale francese Jean Baudrillard rapportandole al pensiero di Leonardo da Vinci, per mettere in scena il senso e il valore dell\u2019oggetto quotidiano nella sua relazione con il corpo umano che loutilizza.<br \/>Catalogo realizzato per la XIX edizione del Maravee Festival (Maravee Dress).<\/td>\n<\/tr>\n<\/tbody>\n<\/table>\n<p>\n<\/div><\/div><\/div><\/div><\/div><\/section><section class=\"kc-elm kc-css-829554 kc_row\"><div class=\"kc-row-container  kc-container\"><div class=\"kc-wrap-columns\"><div class=\"kc-elm kc-css-139339 kc_col-sm-12 kc_column kc_col-sm-12\"><div class=\"kc-col-container\"><div class=\"kc-elm kc-css-151941\" style=\"height: 40px; clear: both; width:100%;\"><\/div><\/div><\/div><\/div><\/div><\/section><section class=\"kc-elm kc-css-829781 kc_row\"><div class=\"kc-row-container  kc-container\"><div class=\"kc-wrap-columns\"><div class=\"kc-elm kc-css-683810 kc_col-sm-6 kc_column kc_col-sm-6\"><div class=\"kc-col-container\"><div class=\"kc-elm kc-css-193194\">\n\t<div class=\"kc-carousel_images kc-elm kc-css-193194\">\n\t\n\t\t<div class=\"kc-carousel-images owl-carousel-images kc-sync1  owl-nav-arrow\" data-owl-i-options='{\"items\":\"1\",\"tablet\":\"1\",\"mobile\":\"1\",\"speed\":\"500\",\"navigation\":\"yes\",\"pagination\":\"yes\",\"autoheight\":\"\",\"progressbar\":\"\",\"delay\":\"3\",\"autoplay\":\"yes\",\"showthumb\":\"\",\"num_thumb\":\"5\"}'>\n\t\n\t\t\t\t\t<div class=\"item\">\n\t\n\t\t\t\t\t\t\t<img decoding=\"async\" src=\"https:\/\/www.obalne-galerije.si\/wp-content\/uploads\/2021\/06\/SelfishMe1.jpg\"  alt=\"\"\/>\n\t\n\t\t\t\t\n\t\t\t<\/div>\n\t\n\t\t\t\t\t<div class=\"item\">\n\t\n\t\t\t\t\t\t\t<img decoding=\"async\" src=\"https:\/\/www.obalne-galerije.si\/wp-content\/uploads\/2021\/06\/SelfishMe2.jpg\"  alt=\"\"\/>\n\t\n\t\t\t\t\n\t\t\t<\/div>\n\t\n\t\t\t\t\t<div class=\"item\">\n\t\n\t\t\t\t\t\t\t<img decoding=\"async\" src=\"https:\/\/www.obalne-galerije.si\/wp-content\/uploads\/2021\/06\/SelfishMe3.jpg\"  alt=\"\"\/>\n\t\n\t\t\t\t\n\t\t\t<\/div>\n\t\n\t\t\t\n\t\t<\/div>\n\t\n\t\t\t<\/div>\n<\/div>\n<\/div><\/div><div class=\"kc-elm kc-css-504891 kc_col-sm-6 kc_column kc_col-sm-6\"><div class=\"kc-col-container\"><div class=\"kc-elm kc-css-178642 kc_text_block\"><\/p>\n<table class=\"table\">\n<tbody>\n<tr>\n<th>Autore:<\/th>\n<td>Majda Bo\u017eeglav Japelj<\/td>\n<\/tr>\n<tr>\n<th>Titolo:<\/th>\n<td>Selfish Me<\/td>\n<\/tr>\n<tr>\n<th>Citt\u00e0:<\/th>\n<td>Pirano, Slovenia<\/td>\n<\/tr>\n<tr>\n<th>Editore:<\/th>\n<td>Gallerie Costiere di Pirano<\/td>\n<\/tr>\n<tr>\n<th>Anno pubblicazione:<\/th>\n<td>2019<\/td>\n<\/tr>\n<tr>\n<td colspan=\"2\">L\u2019autoritratto rientra nel repertorio classico dei motivi che ricorrono nell\u2019arte visiva del passato ma anche in quella attuale: un\u2019espressione mediante la quale gli artisti si presentavano agli altri sia prima sia dopo l\u2019invenzione della fotografia, e cos\u00ec avviene anche oggi grazie ai nuovi media. Un tempo privilegio della crativit\u00e0 di pochi prescelti, con l\u2019aiuto delle nuove tecnologie pa passione per l\u2019autoraffigurazione ha conquistato praticamente ognuno di noi. Per mezzo dell\u2019autoscatto la nostra immagine si trasferisce in un lampo dagli smartphone ai social media, siamo continuamente testimoni di una vera bulimia di autoraffigurazioni inscenate.<\/td>\n<\/tr>\n<\/tbody>\n<\/table>\n<p>\n<\/div><\/div><\/div><\/div><\/div><\/section><section class=\"kc-elm kc-css-359084 kc_row\"><div class=\"kc-row-container  kc-container\"><div class=\"kc-wrap-columns\"><div class=\"kc-elm kc-css-697449 kc_col-sm-12 kc_column kc_col-sm-12\"><div class=\"kc-col-container\"><div class=\"kc-elm kc-css-263394\" style=\"height: 40px; clear: both; width:100%;\"><\/div><\/div><\/div><\/div><\/div><\/section><section class=\"kc-elm kc-css-541572 kc_row\"><div class=\"kc-row-container  kc-container\"><div class=\"kc-wrap-columns\"><div class=\"kc-elm kc-css-943305 kc_col-sm-6 kc_column kc_col-sm-6\"><div class=\"kc-col-container\"><div class=\"kc-elm kc-css-633359\">\n\t<div class=\"kc-carousel_images kc-elm kc-css-633359\">\n\t\n\t\t<div class=\"kc-carousel-images owl-carousel-images kc-sync1  owl-nav-arrow\" data-owl-i-options='{\"items\":\"1\",\"tablet\":\"1\",\"mobile\":\"1\",\"speed\":\"500\",\"navigation\":\"yes\",\"pagination\":\"yes\",\"autoheight\":\"\",\"progressbar\":\"\",\"delay\":\"3\",\"autoplay\":\"yes\",\"showthumb\":\"\",\"num_thumb\":\"5\"}'>\n\t\n\t\t\t\t\t<div class=\"item\">\n\t\n\t\t\t\t\t\t\t<img decoding=\"async\" src=\"https:\/\/www.obalne-galerije.si\/wp-content\/uploads\/2021\/06\/FormaViva1.jpg\"  alt=\"\"\/>\n\t\n\t\t\t\t\n\t\t\t<\/div>\n\t\n\t\t\t\t\t<div class=\"item\">\n\t\n\t\t\t\t\t\t\t<img decoding=\"async\" src=\"https:\/\/www.obalne-galerije.si\/wp-content\/uploads\/2021\/06\/FormaViva2.jpg\"  alt=\"\"\/>\n\t\n\t\t\t\t\n\t\t\t<\/div>\n\t\n\t\t\t\t\t<div class=\"item\">\n\t\n\t\t\t\t\t\t\t<img decoding=\"async\" src=\"https:\/\/www.obalne-galerije.si\/wp-content\/uploads\/2021\/06\/FormaViva3.jpg\"  alt=\"\"\/>\n\t\n\t\t\t\t\n\t\t\t<\/div>\n\t\n\t\t\t\n\t\t<\/div>\n\t\n\t\t\t<\/div>\n<\/div>\n<\/div><\/div><div class=\"kc-elm kc-css-808825 kc_col-sm-6 kc_column kc_col-sm-6\"><div class=\"kc-col-container\"><div class=\"kc-elm kc-css-526073 kc_text_block\"><\/p>\n<table class=\"table\">\n<tbody>\n<tr>\n<th>Autore:<\/th>\n<td>Goran Milovani\u0107<\/td>\n<\/tr>\n<tr>\n<th>Titolo:<\/th>\n<td>Forma viva 1982-2014<\/td>\n<\/tr>\n<tr>\n<th>Citt\u00e0:<\/th>\n<td>Kostanjevica na Krki, Slovenia<\/td>\n<\/tr>\n<tr>\n<th>Editore:<\/th>\n<td>Galleria Bo\u017eidar Jakac Kostanjevica na Krki, Gallerie Costiere di Pirano<\/td>\n<\/tr>\n<tr>\n<th>Anno pubblicazione:<\/th>\n<td>2015<\/td>\n<\/tr>\n<tr>\n<td colspan=\"2\">Gli anniversari sono un\u2019opportunit\u00e0 per considerare, per rivedere ci\u00f2 che \u00e8 stato fatto, per misurare e valorizzare gli effetti, non di meno per conservare le tracce che ci sono state lasciate nella speranza che chi verr\u00e0 dopo di noi porter\u00e0 avanti il lavoro iniziato. Pi\u00f9 di cinquant\u2019anni d\u2019esistenza e di lavoro del Simposio Internazionale di Scultura di Forma viva, un\u2019opportunit\u00e0 per analizzare il percorso che indirizza il nostro sguardo verso il futuro. L\u2019esposizione \u00e8 una chiara evidenza che l\u2019idea dei caposcuola del simposio internazionale di scultura \u00e8 ancora viva e in una tale condizione da poter dare la speranza che, adattandola ai nostri tempi, per molto tempo ancora sar\u00e0 possibile invitare e riunire scultori da tutto il mondo.<\/td>\n<\/tr>\n<\/tbody>\n<\/table>\n<p>\n<\/div><\/div><\/div><\/div><\/div><\/section><section class=\"kc-elm kc-css-480332 kc_row\"><div class=\"kc-row-container  kc-container\"><div class=\"kc-wrap-columns\"><div class=\"kc-elm kc-css-901755 kc_col-sm-12 kc_column kc_col-sm-12\"><div class=\"kc-col-container\"><div class=\"kc-elm kc-css-310511\" style=\"height: 40px; clear: both; width:100%;\"><\/div><\/div><\/div><\/div><\/div><\/section><section class=\"kc-elm kc-css-1847 kc_row\"><div class=\"kc-row-container  kc-container\"><div class=\"kc-wrap-columns\"><div class=\"kc-elm kc-css-2477 kc_col-sm-6 kc_column kc_col-sm-6\"><div class=\"kc-col-container\"><div class=\"kc-elm kc-css-917954\">\n\t<div class=\"kc-carousel_images kc-elm kc-css-917954\">\n\t\n\t\t<div class=\"kc-carousel-images owl-carousel-images kc-sync1  owl-nav-arrow\" data-owl-i-options='{\"items\":\"1\",\"tablet\":\"1\",\"mobile\":\"1\",\"speed\":\"500\",\"navigation\":\"yes\",\"pagination\":\"yes\",\"autoheight\":\"\",\"progressbar\":\"\",\"delay\":\"3\",\"autoplay\":\"yes\",\"showthumb\":\"\",\"num_thumb\":\"5\"}'>\n\t\n\t\t\t\t\t<div class=\"item\">\n\t\n\t\t\t\t\t\t\t<img decoding=\"async\" src=\"https:\/\/www.obalne-galerije.si\/wp-content\/uploads\/2021\/06\/MiraLicenKrmpotic1.jpg\"  alt=\"\"\/>\n\t\n\t\t\t\t\n\t\t\t<\/div>\n\t\n\t\t\t\t\t<div class=\"item\">\n\t\n\t\t\t\t\t\t\t<img decoding=\"async\" src=\"https:\/\/www.obalne-galerije.si\/wp-content\/uploads\/2021\/06\/MiraLicenKrmpotic2.jpg\"  alt=\"\"\/>\n\t\n\t\t\t\t\n\t\t\t<\/div>\n\t\n\t\t\t\t\t<div class=\"item\">\n\t\n\t\t\t\t\t\t\t<img decoding=\"async\" src=\"https:\/\/www.obalne-galerije.si\/wp-content\/uploads\/2021\/06\/MiraLicenKrmpotic3.jpg\"  alt=\"\"\/>\n\t\n\t\t\t\t\n\t\t\t<\/div>\n\t\n\t\t\t\n\t\t<\/div>\n\t\n\t\t\t<\/div>\n<\/div>\n<\/div><\/div><div class=\"kc-elm kc-css-361971 kc_col-sm-6 kc_column kc_col-sm-6\"><div class=\"kc-col-container\"><div class=\"kc-elm kc-css-731851 kc_text_block\"><\/p>\n<table class=\"table\">\n<tbody>\n<tr>\n<th>Autore:<\/th>\n<td>Nives Marvin<\/td>\n<\/tr>\n<tr>\n<th>Titolo:<\/th>\n<td>Mira Li\u010den Krmpoti\u0107<\/td>\n<\/tr>\n<tr>\n<th>Citt\u00e0:<\/th>\n<td>Isola, Slovenia<\/td>\n<\/tr>\n<tr>\n<th>Editore:<\/th>\n<td>Obalne Galerije Piran<\/td>\n<\/tr>\n<tr>\n<th>Anno pubblicazione:<\/th>\n<td>2010<\/td>\n<\/tr>\n<tr>\n<td colspan=\"2\">Le raffigurazioni di Mira Li\u010den Krmpoti\u0107 non sono quadri religiosi, quantunque i loro titoli alludano ad eventi biblici; ancormeno sono descrizioni realistiche, sebbene si tratti di espressioni artistiche figurali. E tuttavia non sono soltanto una mera visione, stati di allucinazione. Questi dipinti sono creazioni sublimi, ovvero opere senza un soggetto reale, fantasmi del \u201cvuoto\u201d che si \u00e8 creato con la perdita del Figlio e del desiderio di congiungersi al Divino.<\/td>\n<\/tr>\n<\/tbody>\n<\/table>\n<p>\n<\/div><\/div><\/div><\/div><\/div><\/section><section class=\"kc-elm kc-css-746542 kc_row\"><div class=\"kc-row-container  kc-container\"><div class=\"kc-wrap-columns\"><div class=\"kc-elm kc-css-324703 kc_col-sm-12 kc_column kc_col-sm-12\"><div class=\"kc-col-container\"><div class=\"kc-elm kc-css-786101\" style=\"height: 40px; clear: both; width:100%;\"><\/div><\/div><\/div><\/div><\/div><\/section><section class=\"kc-elm kc-css-843091 kc_row\"><div class=\"kc-row-container  kc-container\"><div class=\"kc-wrap-columns\"><div class=\"kc-elm kc-css-355693 kc_col-sm-6 kc_column kc_col-sm-6\"><div class=\"kc-col-container\"><div class=\"kc-elm kc-css-974007\">\n\t<div class=\"kc-carousel_images kc-elm kc-css-974007\">\n\t\n\t\t<div class=\"kc-carousel-images owl-carousel-images kc-sync1  owl-nav-arrow\" data-owl-i-options='{\"items\":\"1\",\"tablet\":\"1\",\"mobile\":\"1\",\"speed\":\"500\",\"navigation\":\"yes\",\"pagination\":\"yes\",\"autoheight\":\"\",\"progressbar\":\"\",\"delay\":\"3\",\"autoplay\":\"yes\",\"showthumb\":\"\",\"num_thumb\":\"5\"}'>\n\t\n\t\t\t\t\t<div class=\"item\">\n\t\n\t\t\t\t\t\t\t<img decoding=\"async\" src=\"https:\/\/www.obalne-galerije.si\/wp-content\/uploads\/2021\/06\/PoesiaDipinta1.jpg\"  alt=\"\"\/>\n\t\n\t\t\t\t\n\t\t\t<\/div>\n\t\n\t\t\t\t\t<div class=\"item\">\n\t\n\t\t\t\t\t\t\t<img decoding=\"async\" src=\"https:\/\/www.obalne-galerije.si\/wp-content\/uploads\/2021\/06\/PoesiaDipinta2.jpg\"  alt=\"\"\/>\n\t\n\t\t\t\t\n\t\t\t<\/div>\n\t\n\t\t\t\t\t<div class=\"item\">\n\t\n\t\t\t\t\t\t\t<img decoding=\"async\" src=\"https:\/\/www.obalne-galerije.si\/wp-content\/uploads\/2021\/06\/PoesiaDipinta3.jpg\"  alt=\"\"\/>\n\t\n\t\t\t\t\n\t\t\t<\/div>\n\t\n\t\t\t\n\t\t<\/div>\n\t\n\t\t\t<\/div>\n<\/div>\n<\/div><\/div><div class=\"kc-elm kc-css-578717 kc_col-sm-6 kc_column kc_col-sm-6\"><div class=\"kc-col-container\"><div class=\"kc-elm kc-css-757839 kc_text_block\"><\/p>\n<table class=\"table\">\n<tbody>\n<tr>\n<th>Autore:<\/th>\n<td>Peter Baum<\/td>\n<\/tr>\n<tr>\n<th>Titolo:<\/th>\n<td>Nicola De Maria: Poesia Dipinta<\/td>\n<\/tr>\n<tr>\n<th>Citt\u00e0:<\/th>\n<td>Zurich, \u0160vica<\/td>\n<\/tr>\n<tr>\n<th>Editore:<\/th>\n<td>Unikate Zurich<\/td>\n<\/tr>\n<tr>\n<th>Anno pubblicazione:<\/th>\n<td>1998<\/td>\n<\/tr>\n<\/tbody>\n<\/table>\n<p>\n<\/div><\/div><\/div><\/div><\/div><\/section><section class=\"kc-elm kc-css-236263 kc_row\"><div class=\"kc-row-container  kc-container\"><div class=\"kc-wrap-columns\"><div class=\"kc-elm kc-css-275095 kc_col-sm-12 kc_column kc_col-sm-12\"><div class=\"kc-col-container\"><div class=\"kc-elm kc-css-681924\" style=\"height: 40px; clear: both; width:100%;\"><\/div><\/div><\/div><\/div><\/div><\/section><section class=\"kc-elm kc-css-364922 kc_row\"><div class=\"kc-row-container  kc-container\"><div class=\"kc-wrap-columns\"><div class=\"kc-elm kc-css-992064 kc_col-sm-6 kc_column kc_col-sm-6\"><div class=\"kc-col-container\"><div class=\"kc-elm kc-css-460123\">\n\t<div class=\"kc-carousel_images kc-elm kc-css-460123\">\n\t\n\t\t<div class=\"kc-carousel-images owl-carousel-images kc-sync1  owl-nav-arrow\" data-owl-i-options='{\"items\":\"1\",\"tablet\":\"1\",\"mobile\":\"1\",\"speed\":\"500\",\"navigation\":\"yes\",\"pagination\":\"yes\",\"autoheight\":\"\",\"progressbar\":\"\",\"delay\":\"3\",\"autoplay\":\"yes\",\"showthumb\":\"\",\"num_thumb\":\"5\"}'>\n\t\n\t\t\t\t\t<div class=\"item\">\n\t\n\t\t\t\t\t\t\t<img decoding=\"async\" src=\"https:\/\/www.obalne-galerije.si\/wp-content\/uploads\/2021\/06\/MarinoMarini2.jpg\"  alt=\"\"\/>\n\t\n\t\t\t\t\n\t\t\t<\/div>\n\t\n\t\t\t\t\t<div class=\"item\">\n\t\n\t\t\t\t\t\t\t<img decoding=\"async\" src=\"https:\/\/www.obalne-galerije.si\/wp-content\/uploads\/2021\/06\/MarinoMarini3.jpg\"  alt=\"\"\/>\n\t\n\t\t\t\t\n\t\t\t<\/div>\n\t\n\t\t\t\t\t<div class=\"item\">\n\t\n\t\t\t\t\t\t\t<img decoding=\"async\" src=\"https:\/\/www.obalne-galerije.si\/wp-content\/uploads\/2021\/06\/MarinoMarini1.jpg\"  alt=\"\"\/>\n\t\n\t\t\t\t\n\t\t\t<\/div>\n\t\n\t\t\t\n\t\t<\/div>\n\t\n\t\t\t<\/div>\n<\/div>\n<\/div><\/div><div class=\"kc-elm kc-css-363275 kc_col-sm-6 kc_column kc_col-sm-6\"><div class=\"kc-col-container\"><div class=\"kc-elm kc-css-245074 kc_text_block\"><\/p>\n<table class=\"table\">\n<tbody>\n<tr>\n<th>Autore:<\/th>\n<td>Enzo Di Martino<\/td>\n<\/tr>\n<tr>\n<th>Titolo:<\/th>\n<td>Marino Marini: Grafi\u010dni opus<\/td>\n<\/tr>\n<tr>\n<th>Citt\u00e0:<\/th>\n<td>Milano, Italia<\/td>\n<\/tr>\n<tr>\n<th>Editore:<\/th>\n<td>Fabbri Editori<\/td>\n<\/tr>\n<tr>\n<th>Anno pubblicazione:<\/th>\n<td>1994<\/td>\n<\/tr>\n<\/tbody>\n<\/table>\n<p>\n<\/div><\/div><\/div><\/div><\/div><\/section><section class=\"kc-elm kc-css-6105 kc_row\"><div class=\"kc-row-container  kc-container\"><div class=\"kc-wrap-columns\"><div class=\"kc-elm kc-css-123684 kc_col-sm-12 kc_column kc_col-sm-12\"><div class=\"kc-col-container\"><div class=\"kc-elm kc-css-865516\" style=\"height: 40px; clear: both; width:100%;\"><\/div><\/div><\/div><\/div><\/div><\/section><\/p>\n","protected":false},"excerpt":{"rendered":"","protected":false},"author":1,"featured_media":0,"parent":0,"menu_order":0,"comment_status":"closed","ping_status":"closed","template":"","meta":{"footnotes":""},"class_list":["post-7462","page","type-page","status-publish","hentry"],"acf":[],"_links":{"self":[{"href":"https:\/\/www.obalne-galerije.si\/it\/wp-json\/wp\/v2\/pages\/7462","targetHints":{"allow":["GET"]}}],"collection":[{"href":"https:\/\/www.obalne-galerije.si\/it\/wp-json\/wp\/v2\/pages"}],"about":[{"href":"https:\/\/www.obalne-galerije.si\/it\/wp-json\/wp\/v2\/types\/page"}],"author":[{"embeddable":true,"href":"https:\/\/www.obalne-galerije.si\/it\/wp-json\/wp\/v2\/users\/1"}],"replies":[{"embeddable":true,"href":"https:\/\/www.obalne-galerije.si\/it\/wp-json\/wp\/v2\/comments?post=7462"}],"version-history":[{"count":2,"href":"https:\/\/www.obalne-galerije.si\/it\/wp-json\/wp\/v2\/pages\/7462\/revisions"}],"predecessor-version":[{"id":7784,"href":"https:\/\/www.obalne-galerije.si\/it\/wp-json\/wp\/v2\/pages\/7462\/revisions\/7784"}],"wp:attachment":[{"href":"https:\/\/www.obalne-galerije.si\/it\/wp-json\/wp\/v2\/media?parent=7462"}],"curies":[{"name":"wp","href":"https:\/\/api.w.org\/{rel}","templated":true}]}}