{"id":4194,"date":"2021-05-24T18:32:56","date_gmt":"2021-05-24T16:32:56","guid":{"rendered":"http:\/\/www.obalne-galerije.si\/?page_id=4194"},"modified":"2024-10-14T12:15:32","modified_gmt":"2024-10-14T10:15:32","slug":"prezzi","status":"publish","type":"page","link":"https:\/\/www.obalne-galerije.si\/it\/prezzi\/","title":{"rendered":"Prezzi"},"content":{"rendered":"<section class=\"kc-elm kc-css-417721 kc_row\"><div class=\"kc-row-container  kc-container\"><div class=\"kc-wrap-columns\"><div class=\"kc-elm kc-css-114203 kc_col-sm-6 kc_column kc_col-sm-6\"><div class=\"kc-col-container\"><div class=\"kc-elm kc-css-273830 kc_shortcode kc_single_image\">\n\n        <a rel=\"prettyPhoto\" class=\"kc-pretty-photo\" href=\"https:\/\/www.obalne-galerije.si\/wp-content\/uploads\/2024\/10\/Cenik-vstopnin-okt-2024.jpg\" title=\"\" target=\"\">\n        <img decoding=\"async\" src=\"https:\/\/www.obalne-galerije.si\/wp-content\/uploads\/2024\/10\/Cenik-vstopnin-okt-2024.jpg\" class=\"\" alt=\"\" \/>    <\/a>\n    <\/div>\n<\/div><\/div><div class=\"kc-elm kc-css-981872 kc_col-sm-6 kc_column kc_col-sm-6\"><div class=\"kc-col-container\">\n<div class=\"kc-elm kc-css-261362 kc-title-wrap \">\n\n\t<h2 class=\"kc_title\">LISTINO PREZZI<\/h2>\n<\/div>\n<div class=\"kc-elm kc-css-959233 kc_text_block\"><\/p>\n<p><strong>INDIVIDUALI<\/strong><\/p>\n<table width=\"482\">\n<tbody>\n<tr>\n<td width=\"373\">\n<p>Intero<\/p>\n<\/td>\n<td width=\"109\">\n<p>3,00\u00a0\u20ac<\/p>\n<\/td>\n<\/tr>\n<tr>\n<td width=\"373\">\n<p>Ridotto: scolari, studenti, ricercatori e pensionati<\/p>\n<\/td>\n<td width=\"109\">\n<p>2,00\u00a0\u20ac<\/p>\n<\/td>\n<\/tr>\n<\/tbody>\n<\/table>\n<p><b>GRUPPI (5+ persone)<\/b><\/p>\n<table width=\"482\">\n<tbody>\n<tr>\n<td width=\"373\">\n<p>Intero<\/p>\n<\/td>\n<td width=\"109\">\n<p>2,50\u00a0\u20ac<\/p>\n<\/td>\n<\/tr>\n<tr>\n<td width=\"373\">\n<p>Ridotto: scolari, studenti, ricercatori e pensionati<\/p>\n<\/td>\n<td width=\"109\">\n<p>1,50\u00a0\u20ac<\/p>\n<\/td>\n<\/tr>\n<tr>\n<td width=\"373\">\n<p>Gruppi scolastici (massimo 28 persone)<\/p>\n<\/td>\n<td width=\"109\">\n<p>30,00\u00a0\u20ac<\/p>\n<\/td>\n<\/tr>\n<\/tbody>\n<\/table>\n<p>\n<\/div><div class=\"kc-elm kc-css-935419\" style=\"height: 50px; clear: both; width:100%;\"><\/div><div class=\"kc-elm kc-css-739413 kc_text_block\"><\/p>\n<p><span style=\"font-style: inherit; font-family: -apple-system, BlinkMacSystemFont, \" segoe=\"\" ui\",=\"\" roboto,=\"\" oxygen-sans,=\"\" ubuntu,=\"\" cantarell,=\"\" \"helvetica=\"\" neue\",=\"\" sans-serif;\"=\"\">Il pagamento del biglietto \u00e8 previsto per l\u2019ingresso alla Galleria civica di Pirano.<\/span><\/p>\n<p>L\u2019ingresso \u00e8 gratuito nei seguenti spazi espositivi: Galleria Herman Pe\u010dari\u010d a Pirano, Galleria Monfort a Portorose, Galleria Medusa a Capodistria e nel parco delle sculture Forma Viva presso la penisola di Sezza nei pressi di Portorose.<\/p>\n<p>Gratuito: persone disoccupate (presentando il certificato fornito dall\u2019ufficio di collocamento), persone disabili, per coloro che sono in possesso di tessere museali (ICOM, SMS), giornalisti con tessera stampa e per i bambini di et\u00e0 prescolare<\/p>\n<p>L\u2019ingresso \u00e8 gratuito l\u20198 febbraio, il 3 dicembre, il 18 maggio e in occasione della Notte estiva dei musei.<\/p>\n<\/p>\n<p>Valido dal 19.04.2021.<\/p>\n<p>\n<\/div><\/div><\/div><\/div><\/div><\/section>\n","protected":false},"excerpt":{"rendered":"","protected":false},"author":1,"featured_media":0,"parent":0,"menu_order":0,"comment_status":"closed","ping_status":"closed","template":"","meta":{"footnotes":""},"class_list":["post-4194","page","type-page","status-publish","hentry"],"acf":[],"_links":{"self":[{"href":"https:\/\/www.obalne-galerije.si\/it\/wp-json\/wp\/v2\/pages\/4194","targetHints":{"allow":["GET"]}}],"collection":[{"href":"https:\/\/www.obalne-galerije.si\/it\/wp-json\/wp\/v2\/pages"}],"about":[{"href":"https:\/\/www.obalne-galerije.si\/it\/wp-json\/wp\/v2\/types\/page"}],"author":[{"embeddable":true,"href":"https:\/\/www.obalne-galerije.si\/it\/wp-json\/wp\/v2\/users\/1"}],"replies":[{"embeddable":true,"href":"https:\/\/www.obalne-galerije.si\/it\/wp-json\/wp\/v2\/comments?post=4194"}],"version-history":[{"count":5,"href":"https:\/\/www.obalne-galerije.si\/it\/wp-json\/wp\/v2\/pages\/4194\/revisions"}],"predecessor-version":[{"id":22358,"href":"https:\/\/www.obalne-galerije.si\/it\/wp-json\/wp\/v2\/pages\/4194\/revisions\/22358"}],"wp:attachment":[{"href":"https:\/\/www.obalne-galerije.si\/it\/wp-json\/wp\/v2\/media?parent=4194"}],"curies":[{"name":"wp","href":"https:\/\/api.w.org\/{rel}","templated":true}]}}