{"id":3980,"date":"2021-05-19T20:11:17","date_gmt":"2021-05-19T18:11:17","guid":{"rendered":"http:\/\/www.obalne-galerije.si\/?page_id=3980"},"modified":"2021-05-19T20:12:56","modified_gmt":"2021-05-19T18:12:56","slug":"gledga-it","status":"publish","type":"page","link":"https:\/\/www.obalne-galerije.si\/it\/gledga-it\/","title":{"rendered":"Gledga"},"content":{"rendered":"<section class=\"kc-elm kc-css-379767 kc_row\"><div class=\"kc-row-container  kc-container\"><div class=\"kc-wrap-columns\"><div class=\"kc-elm kc-css-646188 kc_col-sm-12 kc_column kc_col-sm-12\"><div class=\"kc-col-container\"><div class=\"kc-elm kc-css-275219 kc_text_block\"><\/p>\n<p>Gledga \u00e8 un periodico delle Gallerie costiere di Pirano e del Teatro di Capodistria, che \u00e8 un esempio unico di tale apparizione mediatica comune. La rivista ha lo scopo di divulgare le attivit\u00e0 di entrambe le istituzioni e richiama l&#8217;attenzione sui loro diversi eventi culturali. Con testi pi\u00f9 brevi e materiale pittorico, le gallerie incoraggiano maggiori visite e l&#8217;apprendimento dell&#8217;arte visiva contemporanea. Il contenuto \u00e8 molto vario e destinato sia a un pubblico professionale che a un pubblico pi\u00f9 ampio (articoli professionali, interviste, opinioni, fatti interessanti della vita culturale, cronache fotografiche). I testi in Gledga sono tanto pi\u00f9 importanti per le mostre che non hanno pubblicazioni di accompagnamento. Importanti sono anche le cronache fotografiche che documentano l&#8217;evento e la visita. Il content design segue il programma delle Coastal Galleries, il risultato \u00e8 adattato ai grandi progetti ed \u00e8 un documento importante del ricco programma in molti centri espositivi delle Coastal Galleries, che sono sparsi in tutta la Costiera. In Gledga, una pagina speciale \u00e8 dedicata ai progetti legati ai programmi pedagogici e al lavoro con i visitatori pi\u00f9 giovani.<\/p>\n<p>Gledga (ISSN 1854-0449) viene pubblicata da quattro a sei volte l&#8217;anno, ininterrottamente dal 2003. La rivista \u00e8 gratuita, consegnata per posta a destinatari selezionati e disponibile ai visitatori presso i centri espositivi delle Gallerie costiere e del Teatro di Capodistria. Le questioni attuali sono anche accompagnate da mostre e spettacoli ospiti in patria e all&#8217;estero.<\/p>\n<p>Vedi le <a href=\"\/publication\">riviste<\/a><\/p>\n<p>\n<\/div><\/div><\/div><\/div><\/div><\/section>\n","protected":false},"excerpt":{"rendered":"","protected":false},"author":1,"featured_media":0,"parent":0,"menu_order":0,"comment_status":"closed","ping_status":"closed","template":"","meta":{"footnotes":""},"class_list":["post-3980","page","type-page","status-publish","hentry"],"acf":[],"_links":{"self":[{"href":"https:\/\/www.obalne-galerije.si\/it\/wp-json\/wp\/v2\/pages\/3980","targetHints":{"allow":["GET"]}}],"collection":[{"href":"https:\/\/www.obalne-galerije.si\/it\/wp-json\/wp\/v2\/pages"}],"about":[{"href":"https:\/\/www.obalne-galerije.si\/it\/wp-json\/wp\/v2\/types\/page"}],"author":[{"embeddable":true,"href":"https:\/\/www.obalne-galerije.si\/it\/wp-json\/wp\/v2\/users\/1"}],"replies":[{"embeddable":true,"href":"https:\/\/www.obalne-galerije.si\/it\/wp-json\/wp\/v2\/comments?post=3980"}],"version-history":[{"count":5,"href":"https:\/\/www.obalne-galerije.si\/it\/wp-json\/wp\/v2\/pages\/3980\/revisions"}],"predecessor-version":[{"id":6769,"href":"https:\/\/www.obalne-galerije.si\/it\/wp-json\/wp\/v2\/pages\/3980\/revisions\/6769"}],"wp:attachment":[{"href":"https:\/\/www.obalne-galerije.si\/it\/wp-json\/wp\/v2\/media?parent=3980"}],"curies":[{"name":"wp","href":"https:\/\/api.w.org\/{rel}","templated":true}]}}