{"id":16123,"date":"2022-10-07T12:56:44","date_gmt":"2022-10-07T10:56:44","guid":{"rendered":"https:\/\/www.obalne-galerije.si\/?page_id=16123"},"modified":"2022-10-07T13:01:11","modified_gmt":"2022-10-07T11:01:11","slug":"norme-sulla-privacy","status":"publish","type":"page","link":"https:\/\/www.obalne-galerije.si\/it\/su-di-noi\/norme-sulla-privacy\/","title":{"rendered":"Norme sulla privacy"},"content":{"rendered":"<p><b>Norme sulla privacy <\/b><\/p>\n<p><b>Gallerie costiere Pirano &#8211; INFO CONSENSO<\/b><\/p>\n<p>In conformit\u00e0 con la Riforma del quadro legislativo europeo per la protezione dei dati personali, Obalne galerie Piran ti invia un valido consenso all&#8217;invio di annunci elettronici e altri messaggi informativi relativi all&#8217;attivit\u00e0 di Obalne galerie Piran. Se desideri ricevere le nostre comunicazioni, ti preghiamo di confermarlo per iscritto compilando il modulo di consenso. Chiunque presti il \u200b\u200bconsenso ha la possibilit\u00e0 di cancellarsi dal trailer e da altri messaggi informativi in \u200b\u200bqualsiasi momento, sia cliccando su cancella l&#8217;iscrizione dalla mailing list, che si trova in fondo alla e-mail &#8220;Ogp-Media&#8221;, sia tramite <u>info@ obalne-galerija.si<\/u><\/p>\n<p><b>Accedi al trailer &#8220;Ogp-Mediji&#8221;<\/b><\/p>\n<p>Al fine di registrarsi per ricevere il programma e altri contenuti informativi delle gallerie costiere di Pirano &#8220;Ogp-Mediji&#8221;, raccogliamo i seguenti dati:<b>nome, cognome, indirizzo e-mail<\/b>. Obalen galerija Piran raccoglie i tuoi dati personali solo se li hai forniti volontariamente durante la registrazione. Inserendo il tuo indirizzo e-mail, ti iscrivi per ricevere i contenuti del programma con cui ti informeremo sulle attivit\u00e0 espositive, durante mostre e altri eventi (lezioni, tavole rotonde, spettacoli, dibattiti, presentazioni, conferenze stampa, ecc.), workshop e altri eventi ed eventi.<\/p>\n<p>Confermando e attivando il consenso, sarai iscritto a tutti gli<b>avvisi e altri messaggi informativi da &#8220;Ogp-Media&#8221;<\/b>. I tuoi dati personali di accesso saranno utilizzati esclusivamente per le finalit\u00e0 per le quali hai espresso il tuo consenso. In nessun caso le Gallerie costiere Pirano vender\u00e0, prester\u00e0 o in altro modo ceder\u00e0 i tuoi dati personali a terzi non autorizzati senza il tuo consenso.<\/p>\n<p><b>Revoca del consenso o annullamento dell&#8217;iscrizione<\/b><\/p>\n<p>Puoi revocare il tuo consenso all&#8217;uso e alla gestione dei tuoi dati personali in qualsiasi momento nello stesso modo in cui lo hai fornito. Per annullare il tuo consenso, inserisci nuovamente il tuo indirizzo e-mail registrato nel modulo di registrazione sul sito Web e riceverai un messaggio di conferma allo stesso.<\/p>\n<p>Confermando l&#8217;indirizzo e-mail di registrazione nel messaggio, il consenso verr\u00e0 revocato. In qualsiasi momento, puoi scrivere all&#8217;indirizzo email info@obalne-galerije.si o cliccando il pulsante Annulla iscrizione nei trailer e<\/p>\n<p>altri messaggi di natura informativa, chiedi il divieto di utilizzo dei tuoi dati personali ai fini dell&#8217;invio di un trailer e altri messaggi di natura informativa a &#8220;Ogp-Mediji&#8221;.<\/p>\n<p><b>Diritti utente<\/b><\/p>\n<p>In ogni momento, l&#8217;utente pu\u00f2 selezionare ed inviare apposita richiesta di accesso ai dati personali raccolti e trattati da Piran Coastal Galleries che lo riguardano, per la rettifica dei dati personali, tramite il modulo di contatto &#8220;Newsletter&#8221; sottostante in fondo alla sito web dell&#8217;Ente Pubblico OGP cancellazione dei dati personali, limitazione del trattamento nei confronti della persona fisica cui si riferiscono i dati personali, opposizione al trattamento dei dati personali o al conferimento dei dati personali.<\/p>\n<p><b>Modulo di contatto filtrato<\/b><\/p>\n<p>Gli utenti online possono sporgere denuncia in qualsiasi momento al Garante dell&#8217;Informazione in caso di violazione dei loro diritti in materia di raccolta, trattamento e conservazione dei dati personali. Possono inoltre ricorrere ai rimedi legali in caso di mancata azione dell&#8217;autorit\u00e0 di controllo.<\/p>\n<p><b>Protezione dei dati<\/b><\/p>\n<p>Piran Coastal Galleries rispetta il tuo diritto alla privacy e si impegna per un elevato livello di protezione dei dati personali. Ci impegniamo ad agire in conformit\u00e0 con le leggi e i regolamenti che definiscono la protezione dei dati personali, in particolare in conformit\u00e0 con il <a href=\"http:\/\/pisrs.si\/Pis.web\/pregledPredpisa?id=ZAKO3906\" target=\"\" rel=\"noopener\">Legge sulla protezione dei dati personali<\/a>, <a href=\"http:\/\/www.pisrs.si\/Pis.web\/pregledPredpisa?id=ZAKO6405\" target=\"_blank\" rel=\"noopener\">Legge sulle comunicazioni elettroniche<\/a> e <a href=\"https:\/\/www.ip-rs.si\/legislativa\/reforma-evropskega-legislativnego-okvira-za-varstvo-osebnih-podatkov\/\" target=\"_blank\" rel=\"noopener\">Regolamento generale dell&#8217;UE sulla protezione dei dati<\/a><\/p>\n<p>Il trailer &#8220;Ogp-Mediji&#8221; viene inviato da Piran Coastal Galleries tramite una piattaforma online che consente l&#8217;accesso ai dati personali solo alle persone autorizzate (accesso protetto da password e username). Piran Coastal Galleries protegger\u00e0 accuratamente i dati personali e ne preverr\u00e0 il possibile uso improprio. I dati personali saranno utilizzati solo per le finalit\u00e0 per le quali gli utenti hanno espresso il proprio consenso. Le persone autorizzate del responsabile del trattamento dei dati personali sono obbligate a trattare i dati personali con cura nel rispetto della normativa applicabile.<\/p>\n<p>Qualsiasi domanda relativa alla protezione dei dati personali dell&#8217;utente sul sito Web: <a href=\"http:\/\/www.obalne-galerije.si\/\">www.obalne-galerije.si<\/a> pu\u00f2 essere rivolta <b>a indirizzo email del soggetto autorizzato alla protezione dei<\/b><b>dati personali:<\/b><\/p>\n<p><i>Gabrijela Kukovi\u010d, segretaria commerciale<\/i><br \/>\nindirizzo e-mail: info@obalne-galerije.si<\/p>\n<p><b>I mittenti del trailer e degli altri messaggi di natura informativa &#8220;Ogp-Mediji&#8221; e i gestori dei tuoi dati personali sono:<\/b><\/p>\n<p><i>Tatjana Sirk, consulente museale<\/i><br \/>\nGalleria Meduza, \u010cevljarska 34, 6000 Capodistria<\/p>\n<p><i>Du\u0161anka \u0110uki\u0107, designer<\/i><br \/>\nGalleria Herman Pe\u010dari\u010d, Leninova ulica 2, 6330 Pirano<\/p>\n<p><a href=\"mailto:galerija.meduza@obalne-galerije.si\">galerija.meduza@obalne-galerije.si<\/a><br \/>\n<a href=\"mailto:obalne.galerije@gmail.com\">obalne.galerije@gmail.com<\/a>, Ogp-Media<\/p>\n","protected":false},"excerpt":{"rendered":"<p>Norme sulla privacy Gallerie costiere Pirano &#8211; INFO CONSENSO In conformit\u00e0 con la Riforma del quadro legislativo europeo per la protezione dei dati personali, Obalne galerie Piran ti invia un valido consenso all&#8217;invio di annunci elettronici e altri messaggi informativi relativi all&#8217;attivit\u00e0 di Obalne galerie Piran. Se desideri ricevere le nostre comunicazioni, ti preghiamo di<\/p>\n","protected":false},"author":1,"featured_media":0,"parent":3992,"menu_order":0,"comment_status":"closed","ping_status":"closed","template":"","meta":{"footnotes":""},"class_list":["post-16123","page","type-page","status-publish","hentry"],"acf":[],"_links":{"self":[{"href":"https:\/\/www.obalne-galerije.si\/it\/wp-json\/wp\/v2\/pages\/16123","targetHints":{"allow":["GET"]}}],"collection":[{"href":"https:\/\/www.obalne-galerije.si\/it\/wp-json\/wp\/v2\/pages"}],"about":[{"href":"https:\/\/www.obalne-galerije.si\/it\/wp-json\/wp\/v2\/types\/page"}],"author":[{"embeddable":true,"href":"https:\/\/www.obalne-galerije.si\/it\/wp-json\/wp\/v2\/users\/1"}],"replies":[{"embeddable":true,"href":"https:\/\/www.obalne-galerije.si\/it\/wp-json\/wp\/v2\/comments?post=16123"}],"version-history":[{"count":4,"href":"https:\/\/www.obalne-galerije.si\/it\/wp-json\/wp\/v2\/pages\/16123\/revisions"}],"predecessor-version":[{"id":16129,"href":"https:\/\/www.obalne-galerije.si\/it\/wp-json\/wp\/v2\/pages\/16123\/revisions\/16129"}],"up":[{"embeddable":true,"href":"https:\/\/www.obalne-galerije.si\/it\/wp-json\/wp\/v2\/pages\/3992"}],"wp:attachment":[{"href":"https:\/\/www.obalne-galerije.si\/it\/wp-json\/wp\/v2\/media?parent=16123"}],"curies":[{"name":"wp","href":"https:\/\/api.w.org\/{rel}","templated":true}]}}