{"id":6999,"date":"2021-04-28T20:02:18","date_gmt":"2021-04-28T20:02:18","guid":{"rendered":"https:\/\/www.obalne-galerije.si\/?page_id=6999"},"modified":"2021-07-06T20:39:06","modified_gmt":"2021-07-06T18:39:06","slug":"vstopnina","status":"publish","type":"page","link":"https:\/\/www.obalne-galerije.si\/en\/vstopnina\/","title":{"rendered":"Entry fee"},"content":{"rendered":"<p><section class=\"kc-elm kc-css-90793 kc_row\"><div class=\"kc-row-container  kc-container\"><div class=\"kc-wrap-columns\"><div class=\"kc-elm kc-css-217205 kc_col-sm-12 kc_column kc_col-sm-12\"><div class=\"kc-col-container\">\n<div class=\"kc-elm kc-css-465285 kc-title-wrap \">\n\n\t<h2 class=\"kc_title\">ENTRY PRICE LIST<\/h2>\n<\/div>\n<\/div><\/div><\/div><\/div><\/section><section class=\"kc-elm kc-css-129354 kc_row\"><div class=\"kc-row-container  kc-container\"><div class=\"kc-wrap-columns\"><div class=\"kc-elm kc-css-361090 kc_col-sm-12 kc_column kc_col-sm-12\"><div class=\"kc-col-container\"><div class=\"kc-elm kc-css-211351 kc_text_block\"><\/p>\n<div class=\"wpb_text_column wpb_content_element \">\n<div class=\"wpb_wrapper\">\n<p>Visiting the exhibitions can only be paid in the Piran City Gallery.<\/p>\n<p>Tours are free for unemployed people (certificate from the Employment Service), holders of press and museum cards and children up to primary school.<\/p>\n<p>Visits to the exhibitions are free on February 8, December 3, for Summer Museum Night and World Museum Day.<\/p>\n<p>Visits to the exhibitions are free at the Medusa Gallery and the Lo\u017ea Gallery in Koper, at the Monfort Gallery in Portoro\u017e, at the Herman Pe\u010dari\u010d Gallery in Piran and at the Forma Viva Stone Sculpture Gallery on the Se\u010da Peninsula near Portoro\u017e.<\/p>\n<\/div>\n<\/div>\n<p>\n<\/div><\/div><\/div><\/div><\/div><\/section><section class=\"kc-elm kc-css-691144 kc_row\"><div class=\"kc-row-container  kc-container\"><div class=\"kc-wrap-columns\"><div class=\"kc-elm kc-css-49064 kc_col-sm-12 kc_column kc_col-sm-12\"><div class=\"kc-col-container\">\n<div class=\"kc-elm kc-css-725914 kc-title-wrap \">\n\n\t<h2 class=\"kc_title\">PIRAN CITY GALLERY<\/h2>\n<\/div>\n<\/div><\/div><\/div><\/div><\/section><section class=\"kc-elm kc-css-575046 kc_row\"><div class=\"kc-row-container  kc-container\"><div class=\"kc-wrap-columns\"><div class=\"kc-elm kc-css-988517 kc_col-sm-6 kc_column kc_col-sm-6\"><div class=\"kc-col-container\"><div class=\"kc-elm kc-css-591777 kc_shortcode kc_single_image\">\n\n        <img decoding=\"async\" src=\"https:\/\/www.obalne-galerije.si\/wp-content\/uploads\/2021\/04\/Mestna-galerija-Piran.jpg\" class=\"\" alt=\"\" \/>    <\/div>\n<\/div><\/div><div class=\"kc-elm kc-css-622786 kc_col-sm-6 kc_column kc_col-sm-6\"><div class=\"kc-col-container\"><div class=\"kc-elm kc-css-662102 kc_text_block\"><\/p>\n<table class=\"table\">\n<tbody>\n<tr>\n<td>Full price:<\/td>\n<td>3 \u20ac<\/td>\n<\/tr>\n<tr>\n<td><sup><span style=\"font-size: 16px;\">Discount price<\/span>*<\/sup>:<\/td>\n<td>2 \u20ac<\/td>\n<\/tr>\n<tr>\n<td colspan=\"2\">* The reduced price is valid for primary and secondary school students, students and pensioners<\/td>\n<\/tr>\n<\/tbody>\n<\/table>\n<p>\n<\/div><\/div><\/div><\/div><\/div><\/section><section class=\"kc-elm kc-css-133280 kc_row\"><div class=\"kc-row-container  kc-container\"><div class=\"kc-wrap-columns\"><div class=\"kc-elm kc-css-591867 kc_col-sm-12 kc_column kc_col-sm-12\"><div class=\"kc-col-container\">\n<div class=\"kc-elm kc-css-525878 kc-title-wrap \">\n\n\t<h2 class=\"kc_title\">GUIDED TOURS OF EXHIBITIONS<\/h2>\n<\/div>\n<\/div><\/div><\/div><\/div><\/section><section class=\"kc-elm kc-css-531126 kc_row\"><div class=\"kc-row-container  kc-container\"><div class=\"kc-wrap-columns\"><div class=\"kc-elm kc-css-331035 kc_col-sm-12 kc_column kc_col-sm-12\"><div class=\"kc-col-container\"><div class=\"kc-elm kc-css-405841 kc_text_block\"><\/p>\n<table class=\"table aligncenter\">\n<tbody>\n<tr>\n<td>Full price:<\/td>\n<td>2,5 \u20ac<\/td>\n<\/tr>\n<tr>\n<td><sup><span style=\"font-size: 16px;\">Discount price<\/span>*<\/sup>:<\/td>\n<td>1,5 \u20ac<\/td>\n<\/tr>\n<tr>\n<td><sup><span style=\"font-size: 16px;\">School group<\/span>**<\/sup>:<\/td>\n<td>28 \u20ac<\/td>\n<\/tr>\n<tr>\n<td colspan=\"2\">* The reduced price is valid for primary and secondary school students, students and pensioners<br \/>** up to 28 children<\/td>\n<\/tr>\n<\/tbody>\n<\/table>\n<p>\n<\/div><\/div><\/div><\/div><\/div><\/section><\/p>\n","protected":false},"excerpt":{"rendered":"","protected":false},"author":1,"featured_media":0,"parent":0,"menu_order":0,"comment_status":"closed","ping_status":"closed","template":"","meta":{"footnotes":""},"class_list":["post-6999","page","type-page","status-publish","hentry"],"acf":[],"_links":{"self":[{"href":"https:\/\/www.obalne-galerije.si\/en\/wp-json\/wp\/v2\/pages\/6999","targetHints":{"allow":["GET"]}}],"collection":[{"href":"https:\/\/www.obalne-galerije.si\/en\/wp-json\/wp\/v2\/pages"}],"about":[{"href":"https:\/\/www.obalne-galerije.si\/en\/wp-json\/wp\/v2\/types\/page"}],"author":[{"embeddable":true,"href":"https:\/\/www.obalne-galerije.si\/en\/wp-json\/wp\/v2\/users\/1"}],"replies":[{"embeddable":true,"href":"https:\/\/www.obalne-galerije.si\/en\/wp-json\/wp\/v2\/comments?post=6999"}],"version-history":[{"count":3,"href":"https:\/\/www.obalne-galerije.si\/en\/wp-json\/wp\/v2\/pages\/6999\/revisions"}],"predecessor-version":[{"id":7005,"href":"https:\/\/www.obalne-galerije.si\/en\/wp-json\/wp\/v2\/pages\/6999\/revisions\/7005"}],"wp:attachment":[{"href":"https:\/\/www.obalne-galerije.si\/en\/wp-json\/wp\/v2\/media?parent=6999"}],"curies":[{"name":"wp","href":"https:\/\/api.w.org\/{rel}","templated":true}]}}