{"id":6684,"date":"2021-07-06T10:04:06","date_gmt":"2021-07-06T08:04:06","guid":{"rendered":"https:\/\/www.obalne-galerije.si\/?page_id=6684"},"modified":"2026-03-27T12:52:12","modified_gmt":"2026-03-27T11:52:12","slug":"staff","status":"publish","type":"page","link":"https:\/\/www.obalne-galerije.si\/en\/staff\/","title":{"rendered":"Staff &#038; Info"},"content":{"rendered":"<p><section class=\"kc-elm kc-css-197023 kc_row\"><div class=\"kc-row-container  kc-container\"><div class=\"kc-wrap-columns\"><div class=\"kc-elm kc-css-96980 kc_col-sm-12 kc_column kc_col-sm-12\"><div class=\"kc-col-container\"><div class=\"kc-elm kc-css-846483\" style=\"height: 50px; clear: both; width:100%;\"><\/div><\/div><\/div><\/div><\/div><\/section><section class=\"kc-elm kc-css-775410 kc_row\"><div class=\"kc-row-container  kc-container\"><div class=\"kc-wrap-columns\"><div class=\"kc-elm kc-css-547013 kc_col-sm-6 kc_column kc_col-sm-6\"><div class=\"kc-col-container\"><div class=\"kc-elm kc-css-925359 kc_text_block\"><\/p>\n<h4><strong>OGP STAFF<\/strong><\/h4>\n<p><strong>Mara Ambro\u017ei\u010d Verderber<\/strong>, Director<br \/>Civic Gallery Piran, Tartini square 3, 6330 Piran<br \/>+386 (0)5 67 12 080, info@obalne-galerije.si<\/p>\n<p><strong>Niko Mally<\/strong>, Management associate and producer<br \/>Civic Gallery Piran, Tartini square 3, 6330 Piran<br \/>+386 (0)5 67 12 082, niko.mally@obalne-galerije.si<\/p>\n<p><strong>Jelka Kukovi\u010d<\/strong>, Secretary<br \/>Civic Gallery Piran, Tartini square 3, 6330 Piran<br \/>+386 (0)5 67 12 080, +386 (0)31 399 347, info@obalne-galerije.si<\/p>\n<p><strong>Dezire Boskovi\u0107<\/strong>, Accountant<br \/>Civic Gallery Piran, Tartini square 3, 6330 Piran<br \/>+386 (0)5 67 12 084, dezire.boskovic@obalne-galerije.si<\/p>\n<p><strong>Tina Jazbec<\/strong>, Curator with a Master&#039;s degree<br \/>Ulica stare po\u0161te 3, 6000 Koper<br \/>+386 (0)5 62 74 322, tina.jazbec@obalne-galerije.si<\/p>\n<p><strong>Matic Bukovac<\/strong>, Curator with a Master&#039;s degree<br \/>Civic Gallery Piran, Tartini square 3, 6330 Piran<br \/>+386 (0)5 67 12 080, matic.bukovac@obalne-galerije.si<\/p>\n<p><strong>Tatjana Sirk<\/strong>, Curator and museum consultant<br \/>Medusa Gallery, Callegaria 34, 6000 Koper<br \/>+386 (0)5 62 74 837, galerija.meduza@obalne-galerije.si<\/p>\n<p><strong>Ana Pape\u017e<\/strong>, Curator and museum educator<br \/>Herman Pe\u010dari\u010d Gallery, Lenin Street 2, 6330 Piran<br \/>ana.papez@obalne-galerije.si, anapapez25@gmail.com<\/p>\n<p><strong>Janko Atel\u0161ek<\/strong>, Technician (sites)<br \/>+386 (05) 67 12 080,\u00a0tehnicnaogp@obalne-galerije.si<\/p>\n<p><strong>Du\u0161ka \u0110uki\u0107<\/strong>, Museum mediator and graphic<br \/>Civic Gallery Piran, Tartini square 3, 6330 Piran<br \/>+386 (0)5 67 12 097, +386 (05) 67 30 660 ogptrzenje@gmail.com<\/p>\n<p><strong>Sonja Ko\u010devar<\/strong>, Museum mediator<br \/>Herman Pe\u010dari\u010d Gallery, Lenin Street 2, 6330 Piran<br \/>+386 (0)5 67 30 660,\u00a0kocevar.sonja@gmail.com<\/p>\n<p><strong>Tina Nikoli\u0107 Bombek<\/strong>, Receptionist<br \/>Civic Gallery Piran, Tartini square 3, 6330 Piran<br \/>+386 (0)5 67 12 097<\/p>\n<p>\n<\/div><\/div><\/div><div class=\"kc-elm kc-css-836703 kc_col-sm-6 kc_column kc_col-sm-6\"><div class=\"kc-col-container\"><div class=\"kc-elm kc-css-749061 kc_text_block\"><\/p>\n<h4>EXTERNAL COLLABORATORS<\/h4>\n<p><strong>Giorgia Simioni<\/strong>, Creative director, Graphic &amp; web designer, Content creator, giorgia.simioni@gmail.com<\/p>\n<p><strong>Peter Moss<\/strong>, art photographer for the international productions 2026, pete@waddingtonstudios.com<\/p>\n<p>\n<\/div><div class=\"kc-elm kc-css-10090\" style=\"height: 20px; clear: both; width:100%;\"><\/div><div class=\"kc-elm kc-css-208913 kc_text_block\"><\/p>\n<p style=\"font-weight: 400;\"><strong>THE MUSEUM&#039;S INSTITUTE COUNCIL (2024-2028)<\/strong><\/p>\n<p style=\"font-weight: 400;\"><strong>Ga\u0161par Ga\u0161par Mi\u0161i\u010d<\/strong>, President<br \/><strong>Andrea Bartole<\/strong>, Deputy President<\/p>\n<p style=\"font-weight: 400;\"><strong>Milica Maslo Bezer<\/strong>, Msc \u00a0<br \/><strong>Jaka Jera\u0161a<\/strong>, artist, Slovenian Association of Fine Arts Societies<\/p>\n<p style=\"font-weight: 400;\"><strong>Irena Urbi\u010d<\/strong>, representative of the Ministry of Culture of the Republic of Slovenia<\/p>\n<p style=\"font-weight: 400;\"><strong>Ana Pape\u017e<\/strong>, curator \u2013 educator, OGP employee \u00a0\u00a0<\/p>\n<p style=\"font-weight: 400;\"><strong>Du\u0161anka \u0110uki\u0107<\/strong>, museum informator and graphic staff, OGP employee<\/p>\n<p style=\"font-weight: 400;\">\n<\/div><div class=\"kc-elm kc-css-840509\" style=\"height: 20px; clear: both; width:100%;\"><\/div><\/div><\/div><\/div><\/div><\/section><section class=\"kc-elm kc-css-964689 kc_row\"><div class=\"kc-row-container  kc-container\"><div class=\"kc-wrap-columns\"><div class=\"kc-elm kc-css-486425 kc_col-sm-12 kc_column kc_col-sm-12\"><div class=\"kc-col-container\"><div class=\"kc-elm kc-css-773233\" style=\"height: 50px; clear: both; width:100%;\"><\/div><\/div><\/div><\/div><\/div><\/section><section class=\"kc-elm kc-css-792187 kc_row\"><div class=\"kc-row-container  kc-container\"><div class=\"kc-wrap-columns\"><div class=\"kc-elm kc-css-789422 kc_col-sm-6 kc_column kc_col-sm-6\"><div class=\"kc-col-container\"><div class=\"kc-elm kc-css-109807 kc_text_block\"><\/p>\n<h4><strong>SITES INFO<\/strong><\/h4>\n<p><strong>\u00a0<\/strong><\/p>\n<p><strong>Civic Gallery, Piran<\/strong><\/p>\n<p>Reception: +386 (05) 67 12 097<br \/><span style=\"font-style: inherit; font-family: -apple-system, BlinkMacSystemFont,;\">Headquarter: +386 (05) 67 12 080<br \/><\/span><span style=\"font-style: inherit; font-family: -apple-system, BlinkMacSystemFont,;\">Accountant: +386 (05) 67 12 084<\/span><\/p>\n<p><strong>\u00a0<\/strong><\/p>\n<p><strong>Herman Pe\u010dari\u010d Gallery, Piran<\/strong><\/p>\n<p>Reception: +386 (05) 67 30 660<br \/><span style=\"font-style: inherit; font-family: -apple-system, BlinkMacSystemFont,;\">Pedagogical department: +386 (0) 70 76 09 50<br \/><\/span><span style=\"font-style: inherit; font-family: -apple-system, BlinkMacSystemFont,;\">Museum mediator and graphic: +386 (0) 41 81 88 28<\/span><\/p>\n<p><strong>\u00a0<\/strong><\/p>\n<p><strong>Gallery Lodge, Koper<\/strong><\/p>\n<p>Reception: +386 (05) 62 74 171<\/p>\n<\/p>\n<p><b><br \/><\/b><\/p>\n<p><b>Medusa Gallery, Koper<\/b><\/p>\n<p>Custodian: + 386 (05) 627 4837<\/p>\n<p><strong style=\"font-style: inherit; font-family: -apple-system, BlinkMacSystemFont,;\">\u00a0<\/strong><\/p>\n<p><strong>Stara Po\u0161ta, Koper<\/strong><\/p>\n<p>Custodian and Library: +386 (0) 562 74 080,\u00a0<span style=\"font-style: inherit; font-family: -apple-system, BlinkMacSystemFont,;\">+386 (0) 51 362 948<\/span><\/p>\n<p><strong>\u00a0<\/strong><\/p>\n<p><strong>T<\/strong><strong style=\"font-style: inherit; font-family: -apple-system, BlinkMacSystemFont,;\">echnical service, Fizine-Portoro\u017e<\/strong><\/p>\n<p><span style=\"font-style: inherit; font-family: -apple-system, BlinkMacSystemFont,;\">Building Manager +386 (0) 51 362 973<\/span><\/p>\n<p><strong>\u00a0<\/strong><\/p>\n<p><strong>Monfort Exhibition Center, Portoro\u017e<\/strong><\/p>\n<p>Direction: +386 (05) 67 12 080<\/p>\n<p>\n<\/div><\/div><\/div><div class=\"kc-elm kc-css-730369 kc_col-sm-6 kc_column kc_col-sm-6\"><div class=\"kc-col-container\"><\/div><\/div><\/div><\/div><\/section><section class=\"kc-elm kc-css-585852 kc_row\"><div class=\"kc-row-container  kc-container\"><div class=\"kc-wrap-columns\"><div class=\"kc-elm kc-css-29963 kc_col-sm-12 kc_column kc_col-sm-12\"><div class=\"kc-col-container\"><div class=\"kc-elm kc-css-850048\" style=\"height: 50px; clear: both; width:100%;\"><\/div><\/div><\/div><\/div><\/div><\/section><\/p>\n","protected":false},"excerpt":{"rendered":"","protected":false},"author":1,"featured_media":0,"parent":0,"menu_order":0,"comment_status":"closed","ping_status":"closed","template":"","meta":{"footnotes":""},"class_list":["post-6684","page","type-page","status-publish","hentry"],"acf":[],"_links":{"self":[{"href":"https:\/\/www.obalne-galerije.si\/en\/wp-json\/wp\/v2\/pages\/6684","targetHints":{"allow":["GET"]}}],"collection":[{"href":"https:\/\/www.obalne-galerije.si\/en\/wp-json\/wp\/v2\/pages"}],"about":[{"href":"https:\/\/www.obalne-galerije.si\/en\/wp-json\/wp\/v2\/types\/page"}],"author":[{"embeddable":true,"href":"https:\/\/www.obalne-galerije.si\/en\/wp-json\/wp\/v2\/users\/1"}],"replies":[{"embeddable":true,"href":"https:\/\/www.obalne-galerije.si\/en\/wp-json\/wp\/v2\/comments?post=6684"}],"version-history":[{"count":5,"href":"https:\/\/www.obalne-galerije.si\/en\/wp-json\/wp\/v2\/pages\/6684\/revisions"}],"predecessor-version":[{"id":27696,"href":"https:\/\/www.obalne-galerije.si\/en\/wp-json\/wp\/v2\/pages\/6684\/revisions\/27696"}],"wp:attachment":[{"href":"https:\/\/www.obalne-galerije.si\/en\/wp-json\/wp\/v2\/media?parent=6684"}],"curies":[{"name":"wp","href":"https:\/\/api.w.org\/{rel}","templated":true}]}}