{"id":6617,"date":"2021-07-06T17:35:25","date_gmt":"2021-07-06T15:35:25","guid":{"rendered":"https:\/\/www.obalne-galerije.si\/?page_id=6617"},"modified":"2024-10-14T12:15:47","modified_gmt":"2024-10-14T10:15:47","slug":"prices","status":"publish","type":"page","link":"https:\/\/www.obalne-galerije.si\/en\/prices\/","title":{"rendered":"Prices"},"content":{"rendered":"<section class=\"kc-elm kc-css-833868 kc_row\"><div class=\"kc-row-container  kc-container\"><div class=\"kc-wrap-columns\"><div class=\"kc-elm kc-css-338192 kc_col-sm-6 kc_column kc_col-sm-6\"><div class=\"kc-col-container\"><div class=\"kc-elm kc-css-58820 kc_shortcode kc_single_image\">\n\n        <img decoding=\"async\" src=\"https:\/\/www.obalne-galerije.si\/wp-content\/uploads\/2024\/10\/Cenik-vstopnin-okt-2024.jpg\" class=\"\" alt=\"\" \/>    <\/div>\n<\/div><\/div><div class=\"kc-elm kc-css-269283 kc_col-sm-6 kc_column kc_col-sm-6\"><div class=\"kc-col-container\">\n<div class=\"kc-elm kc-css-613482 kc-title-wrap \">\n\n\t<h2 class=\"kc_title\">TICKET PRICE LIST<\/h2>\n<\/div>\n<div class=\"kc-elm kc-css-892597 kc_text_block\"><\/p>\n<p><b><span style=\"font-style: inherit; font-family: -apple-system, BlinkMacSystemFont, \"Segoe UI\", Roboto, Oxygen-Sans, Ubuntu, Cantarell, \"Helvetica Neue\", sans-serif;\">INDIVIDUALS<\/span><br \/><\/b><\/p>\n<table width=\"482\">\n<tbody>\n<tr>\n<td width=\"373\">\n<p><span style=\"font-family: inherit; font-style: inherit; font-weight: inherit;\">Full price<\/span><\/p>\n<\/td>\n<td width=\"109\">\n<p>3,00\u00a0\u20ac<\/p>\n<\/td>\n<\/tr>\n<tr>\n<td width=\"373\">\n<p><span style=\"font-family: inherit; font-style: inherit; font-weight: inherit;\">Reduced price: students, researchers and pensioners\u00a0 \u00a0 \u00a0<\/span><\/p>\n<\/td>\n<td width=\"109\">\n<p>2,00\u00a0\u20ac<\/p>\n<\/td>\n<\/tr>\n<\/tbody>\n<\/table>\n<p><b>GROUPS (5+ persons)<\/b><\/p>\n<table width=\"482\">\n<tbody>\n<tr>\n<td width=\"373\">\n<p><span style=\"font-family: inherit; font-weight: inherit; font-style: inherit;\">Full price<\/span><\/p>\n<\/td>\n<td width=\"109\">\n<p>2,50\u00a0\u20ac<\/p>\n<\/td>\n<\/tr>\n<tr>\n<td width=\"373\">\n<p><span style=\"font-family: inherit; font-style: inherit; font-weight: inherit;\">Reduced price: students, researchers and pensioners\u00a0 \u00a0 \u00a0<\/span><\/p>\n<\/td>\n<td width=\"109\">\n<p>1,50\u00a0\u20ac<\/p>\n<\/td>\n<\/tr>\n<tr>\n<td width=\"373\">\n<p><span style=\"font-family: inherit; font-weight: inherit; font-style: inherit;\">School group (up to 28 children)\u00a0 \u00a0 \u00a0 \u00a0 \u00a0 \u00a0 \u00a0\u00a0<\/span><\/p>\n<\/td>\n<td width=\"109\">\n<p>30,00\u00a0\u20ac<\/p>\n<\/td>\n<\/tr>\n<\/tbody>\n<\/table>\n<p>\n<\/div><div class=\"kc-elm kc-css-543393\" style=\"height: 50px; clear: both; width:100%;\"><\/div><div class=\"kc-elm kc-css-750522 kc_text_block\"><\/p>\n<p>Viewing of exhibitions is charged in the Piran Civic Gallery.<\/p>\n<p>Entrance is free of charge in Herman Pe\u010dari\u010d Gallery in Piran, Monfort Gallery in Portoro\u017e, Lo\u017ea Gallery in Koper, Meduza Gallery in Koper as well as for the visit of Forma Viva stone sculpture park on the Se\u010da peninsula, near Portoro\u017e.<\/p>\n<p>Free of charge: unemployed persons (with an official certificate from the Employment Agency), visitors with disabilities, journalists with an official press card, holders of museum cards and for children up to primary school age.<\/p>\n<p>Museum entrance is free of charge on February 8, December 3, May 18 and for the Summer Museum Night.<\/p>\n<\/p>\n<p>Veljavno od \/ Valido da \/ Valid from 19.04.2021.<\/p>\n<p>\n<\/div><\/div><\/div><\/div><\/div><\/section>\n","protected":false},"excerpt":{"rendered":"","protected":false},"author":4,"featured_media":0,"parent":0,"menu_order":0,"comment_status":"closed","ping_status":"closed","template":"","meta":{"footnotes":""},"class_list":["post-6617","page","type-page","status-publish","hentry"],"acf":[],"_links":{"self":[{"href":"https:\/\/www.obalne-galerije.si\/en\/wp-json\/wp\/v2\/pages\/6617","targetHints":{"allow":["GET"]}}],"collection":[{"href":"https:\/\/www.obalne-galerije.si\/en\/wp-json\/wp\/v2\/pages"}],"about":[{"href":"https:\/\/www.obalne-galerije.si\/en\/wp-json\/wp\/v2\/types\/page"}],"author":[{"embeddable":true,"href":"https:\/\/www.obalne-galerije.si\/en\/wp-json\/wp\/v2\/users\/4"}],"replies":[{"embeddable":true,"href":"https:\/\/www.obalne-galerije.si\/en\/wp-json\/wp\/v2\/comments?post=6617"}],"version-history":[{"count":5,"href":"https:\/\/www.obalne-galerije.si\/en\/wp-json\/wp\/v2\/pages\/6617\/revisions"}],"predecessor-version":[{"id":22359,"href":"https:\/\/www.obalne-galerije.si\/en\/wp-json\/wp\/v2\/pages\/6617\/revisions\/22359"}],"wp:attachment":[{"href":"https:\/\/www.obalne-galerije.si\/en\/wp-json\/wp\/v2\/media?parent=6617"}],"curies":[{"name":"wp","href":"https:\/\/api.w.org\/{rel}","templated":true}]}}