{"id":20,"date":"2021-04-28T13:23:44","date_gmt":"2021-04-28T13:23:44","guid":{"rendered":"http:\/\/ogp.debian.local\/?page_id=20"},"modified":"2021-04-28T18:59:52","modified_gmt":"2021-04-28T18:59:52","slug":"coastal-galleries-piran","status":"publish","type":"page","link":"https:\/\/www.obalne-galerije.si\/en\/","title":{"rendered":"Coastal Galleries Piran"},"content":{"rendered":"<section class=\"kc-elm kc-css-850654 kc_row\"><div class=\"kc-row-container  kc-container\"><div class=\"kc-wrap-columns\"><div class=\"kc-elm kc-css-538298 kc_col-sm-12 kc_column kc_col-sm-12\"><div class=\"kc-col-container\"><div class=\"kc-elm kc-css-55137 kc_text_block text-primary\"><\/p>\n<p>\n<span class=\"VIiyi\" lang=\"en\"><span class=\"JLqJ4b ChMk0b\" data-language-for-alternatives=\"en\" data-language-to-translate-into=\"sl\" data-phrase-index=\"0\">The Piran Coastal Galleries are the central gallery institution in Slovenian Istria and one of the most recognizable galleries in Slovenia.<\/span> <\/span><\/p>\n<p>\n<\/div><div class=\"kc-elm kc-css-623732 kc_text_block\"><\/p>\n<div><span class=\"VIiyi\" lang=\"en\"><span class=\"JLqJ4b ChMk0b\" data-language-for-alternatives=\"en\" data-language-to-translate-into=\"sl\" data-phrase-index=\"2\">In addition to the main City Gallery, they also include the Herman Pe\u010dari\u010d Gallery in Piran, the Monfort Gallery in Portoro\u017e, the Meduza Gallery and the Lo\u017ea Gallery in Koper, as well as a collection of outdoor stone sculptures Forma Viva in Se\u010da near Portoro\u017e.<\/span><\/span><\/div>\n<div><\/div>\n<div><span class=\"VIiyi\" lang=\"en\"><span class=\"JLqJ4b ChMk0b\" data-language-for-alternatives=\"en\" data-language-to-translate-into=\"sl\" data-phrase-index=\"4\">They perform the main public service, which includes the collection, storage, study and presentation of works of Slovenian and foreign visual art of the 20th and 21st centuries, with special emphasis on the works of coastal artists.<\/span><span class=\"JLqJ4b\" data-language-for-alternatives=\"en\" data-language-to-translate-into=\"sl\" data-phrase-index=\"5\"><br \/>\n<\/span><\/span><\/div>\n<div><\/div>\n<div><span class=\"VIiyi\" lang=\"en\"> <span class=\"JLqJ4b ChMk0b\" data-language-for-alternatives=\"en\" data-language-to-translate-into=\"sl\" data-phrase-index=\"6\">Among the listed tasks, the exhibition activity stands out, within which over thirty exhibition projects, personal, group, thematic, review exhibitions of domestic and foreign authors are lined up annually.<\/span><span class=\"JLqJ4b\" data-language-for-alternatives=\"en\" data-language-to-translate-into=\"sl\" data-phrase-index=\"7\"><br \/>\n<\/span><\/span><\/div>\n<div><span class=\"VIiyi\" lang=\"en\"><span class=\"JLqJ4b ChMk0b\" data-language-for-alternatives=\"en\" data-language-to-translate-into=\"sl\" data-phrase-index=\"8\">With their international orientation, they prepare established traditional events, such as the International Symposium of Sculptors Forma Viva (1961-), Piran Architecture Days (1983-) and Ex-tempore Piran (1966-).<\/span><\/span><\/div>\n<p>\n<\/div>\n<div class=\"kc-elm kc-css-793183\">\n\t<a class=\"kc_button\" href=\"http:\/\/ogp.debian.local\/history\/?lang=en\" target=\"_self\" title=\"History\" onclick=\"\">\n\t\tLearno about our history\t<\/a>\n<\/div>\n<\/div><\/div><\/div><\/div><\/section>\n","protected":false},"excerpt":{"rendered":"","protected":false},"author":1,"featured_media":0,"parent":0,"menu_order":0,"comment_status":"closed","ping_status":"closed","template":"","meta":{"footnotes":""},"class_list":["post-20","page","type-page","status-publish","hentry"],"acf":[],"_links":{"self":[{"href":"https:\/\/www.obalne-galerije.si\/en\/wp-json\/wp\/v2\/pages\/20","targetHints":{"allow":["GET"]}}],"collection":[{"href":"https:\/\/www.obalne-galerije.si\/en\/wp-json\/wp\/v2\/pages"}],"about":[{"href":"https:\/\/www.obalne-galerije.si\/en\/wp-json\/wp\/v2\/types\/page"}],"author":[{"embeddable":true,"href":"https:\/\/www.obalne-galerije.si\/en\/wp-json\/wp\/v2\/users\/1"}],"replies":[{"embeddable":true,"href":"https:\/\/www.obalne-galerije.si\/en\/wp-json\/wp\/v2\/comments?post=20"}],"version-history":[{"count":4,"href":"https:\/\/www.obalne-galerije.si\/en\/wp-json\/wp\/v2\/pages\/20\/revisions"}],"predecessor-version":[{"id":49,"href":"https:\/\/www.obalne-galerije.si\/en\/wp-json\/wp\/v2\/pages\/20\/revisions\/49"}],"wp:attachment":[{"href":"https:\/\/www.obalne-galerije.si\/en\/wp-json\/wp\/v2\/media?parent=20"}],"curies":[{"name":"wp","href":"https:\/\/api.w.org\/{rel}","templated":true}]}}